{"id":13,"date":"2023-10-20T04:02:34","date_gmt":"2023-10-20T04:02:34","guid":{"rendered":"https:\/\/itguaymas.edu.mx\/wp\/?page_id=13"},"modified":"2024-09-03T17:17:11","modified_gmt":"2024-09-03T17:17:11","slug":"direccion","status":"publish","type":"page","link":"https:\/\/itguaymas.edu.mx\/?page_id=13","title":{"rendered":"Direcci\u00f3n"},"content":{"rendered":"<div class=\"pvc_clear\"><\/div><p id=\"pvc_stats_13\" class=\"pvc_stats all  \" data-element-id=\"13\" style=\"\"><i class=\"pvc-stats-icon medium\" aria-hidden=\"true\"><svg xmlns=\"http:\/\/www.w3.org\/2000\/svg\" version=\"1.0\" viewBox=\"0 0 502 315\" preserveAspectRatio=\"xMidYMid meet\"><g transform=\"translate(0,332) scale(0.1,-0.1)\" fill=\"\" stroke=\"none\"><path d=\"M2394 3279 l-29 -30 -3 -207 c-2 -182 0 -211 15 -242 39 -76 157 -76 196 0 15 31 17 60 15 243 l-3 209 -33 29 c-26 23 -41 29 -80 29 -41 0 -53 -5 -78 -31z\"\/><path d=\"M3085 3251 c-45 -19 -58 -50 -96 -229 -47 -217 -49 -260 -13 -295 52 -53 146 -42 177 20 16 31 87 366 87 410 0 70 -86 122 -155 94z\"\/><path d=\"M1751 3234 c-13 -9 -29 -31 -37 -50 -12 -29 -10 -49 21 -204 19 -94 39 -189 45 -210 14 -50 54 -80 110 -80 34 0 48 6 76 34 21 21 34 44 34 59 0 14 -18 113 -40 219 -37 178 -43 195 -70 221 -36 32 -101 37 -139 11z\"\/><path d=\"M1163 3073 c-36 -7 -73 -59 -73 -102 0 -56 133 -378 171 -413 34 -32 83 -37 129 -13 70 36 67 87 -16 290 -86 209 -89 214 -129 231 -35 14 -42 15 -82 7z\"\/><path d=\"M3689 3066 c-15 -9 -33 -30 -42 -48 -48 -103 -147 -355 -147 -375 0 -98 131 -148 192 -74 13 15 57 108 97 206 80 196 84 226 37 273 -30 30 -99 39 -137 18z\"\/><path d=\"M583 2784 c-38 -19 -67 -74 -58 -113 9 -42 211 -354 242 -373 16 -10 45 -18 66 -18 51 0 107 52 107 100 0 39 -1 41 -124 234 -80 126 -108 162 -133 173 -41 17 -61 16 -100 -3z\"\/><path d=\"M4250 2784 c-14 -9 -74 -91 -133 -183 -95 -150 -107 -173 -107 -213 0 -55 33 -94 87 -104 67 -13 90 8 211 198 130 202 137 225 78 284 -27 27 -42 34 -72 34 -22 0 -50 -8 -64 -16z\"\/><path d=\"M2275 2693 c-553 -48 -1095 -270 -1585 -649 -135 -104 -459 -423 -483 -476 -23 -49 -22 -139 2 -186 73 -142 361 -457 571 -626 285 -228 642 -407 990 -497 242 -63 336 -73 660 -74 310 0 370 5 595 52 535 111 1045 392 1455 803 122 121 250 273 275 326 19 41 19 137 0 174 -41 79 -309 363 -465 492 -447 370 -946 591 -1479 653 -113 14 -422 18 -536 8z m395 -428 c171 -34 330 -124 456 -258 112 -119 167 -219 211 -378 27 -96 24 -300 -5 -401 -72 -255 -236 -447 -474 -557 -132 -62 -201 -76 -368 -76 -167 0 -236 14 -368 76 -213 98 -373 271 -451 485 -162 444 86 934 547 1084 153 49 292 57 452 25z m909 -232 c222 -123 408 -262 593 -441 76 -74 138 -139 138 -144 0 -16 -233 -242 -330 -319 -155 -123 -309 -223 -461 -299 l-81 -41 32 46 c18 26 49 83 70 128 143 306 141 649 -6 957 -25 52 -61 116 -79 142 l-34 47 45 -20 c26 -10 76 -36 113 -56z m-2057 25 c-40 -58 -105 -190 -130 -263 -110 -324 -59 -707 132 -981 25 -35 42 -64 37 -64 -19 0 -241 119 -326 174 -188 122 -406 314 -532 468 l-58 71 108 103 c185 178 428 349 672 473 66 33 121 60 123 61 2 0 -10 -19 -26 -42z\"\/><path d=\"M2375 1950 c-198 -44 -350 -190 -395 -379 -18 -76 -8 -221 19 -290 114 -284 457 -406 731 -260 98 52 188 154 231 260 27 69 37 214 19 290 -38 163 -166 304 -326 360 -67 23 -215 33 -279 19z\"\/><\/g><\/svg><\/i> <img loading=\"lazy\" decoding=\"async\" width=\"16\" height=\"16\" alt=\"Loading\" src=\"https:\/\/itguaymas.edu.mx\/wp-content\/plugins\/page-views-count\/ajax-loader-2x.gif\" border=0 \/><\/p><div class=\"pvc_clear\"><\/div><div class=\"wp-block-image is-style-rounded\">\n<figure class=\"aligncenter size-full\"><img loading=\"lazy\" decoding=\"async\" width=\"300\" height=\"300\" src=\"https:\/\/itguaymas.edu.mx\/wp-content\/uploads\/2023\/10\/fotodirector.jpg\" alt=\"\" class=\"wp-image-14\" srcset=\"https:\/\/itguaymas.edu.mx\/wp-content\/uploads\/2023\/10\/fotodirector.jpg 300w, https:\/\/itguaymas.edu.mx\/wp-content\/uploads\/2023\/10\/fotodirector-150x150.jpg 150w\" sizes=\"auto, (max-width: 300px) 100vw, 300px\" \/><\/figure>\n<\/div>\n\n\n<p class=\"has-text-align-center\">Estimada comunidad estudiantil del Instituto Tecnol\u00f3gico de Guaymas, reciban la m\u00e1s cordial y afectuosa bienvenida a esta su casa de estudios. El ITG es una instituci\u00f3n con 39 a\u00f1os de historia en la formaci\u00f3n de profesionales en las \u00e1reas de ingenier\u00eda, licenciatura y posgrados; este es un Instituto tecnol\u00f3gico con una misi\u00f3n y una visi\u00f3n orientada a la mejora continua, que busca la satisfacci\u00f3n total de todos los miembros de la comunidad.<\/p>\n\n\n\n<p class=\"has-text-align-center\">En este ciclo inician sus estudios alrededor de 750 estudiantes en las cinco licenciaturas y el posgrado que \u00e9sta instituci\u00f3n oferta, siendo las siguientes:<\/p>\n\n\n\n<p class=\"has-text-align-center\">El ITG no ha sido ajeno a esta evoluci\u00f3n global, en nuestro rumbo acad\u00e9mico, aunque a\u00fan hay mucho por hacer, se ha podido responder de forma proactiva a las necesidades que demandan los sectores econ\u00f3micos de nuestra regi\u00f3n y tambi\u00e9n a nivel global, siempre tomando en cuenta la formaci\u00f3n integral de nuestros estudiantes y procurando que se alcance el aprendizaje significativo. Continuamos prepar\u00e1ndonos como docentes y generando al mismo tiempo el conocimiento necesario para que impacte positivamente en el futuro de ustedes, nuestros estudiantes.<\/p>\n\n\n\n<p class=\"has-text-align-center\">Ingenier\u00eda Civil<\/p>\n\n\n\n<p class=\"has-text-align-center\">Ingenier\u00eda Industrial<\/p>\n\n\n\n<p class=\"has-text-align-center\">Ingenier\u00eda en Acuicultura<\/p>\n\n\n\n<p class=\"has-text-align-center\">Ingenier\u00eda en Administraci\u00f3n<\/p>\n\n\n\n<p class=\"has-text-align-center\">Licenciatura en Administraci\u00f3n y,<\/p>\n\n\n\n<p class=\"has-text-align-center\">La maestr\u00eda en manejo de zona costera<\/p>\n\n\n\n<p class=\"has-text-align-center\">Estudiantes, ustedes que est\u00e1n iniciando en primer semestre o que se re-inscribieron en semestres m\u00e1s avanzados, les aseguro que est\u00e1n transitando un momento de cambio y transformaci\u00f3n como individuos, vivir\u00e1n tiempos de cambio, pero tambi\u00e9n de oportunidades para acrecentar el prestigio de ustedes, sus familias y de la comunidad en general a la que pertenecemos.<\/p>\n\n\n\n<p class=\"has-text-align-center\">En el Instituto Tecnol\u00f3gico de Guaymas tendr\u00e1n la oportunidad de formarse profesionalmente y obtener un grado acad\u00e9mico de licenciatura o de maestr\u00eda, que les permitir\u00e1 ser agentes de cambio dentro de las organizaciones a las que se integren a laborar. Nuestra comunidad tecnol\u00f3gica es reconocida por la calidad de los egresados, a la cual en el mediano plazo ustedes podr\u00e1n ser parte de el. En el ITG existe una libertad de pensamiento y trabajamos a trav\u00e9s de un proceso educativo con la aplicaci\u00f3n de valores, \u00e9tica profesional y respeto por el pr\u00f3jimo. La docencia, la Investigaci\u00f3n, la Vinculaci\u00f3n y la formaci\u00f3n integral son los pilares sobre los que el Instituto Tecnol\u00f3gico de Guaymas trabaja, se mantiene y crece, y donde sin duda alguna, las experiencias que vivan aqu\u00ed formar\u00e1n parte de sus m\u00e1s entra\u00f1ables recuerdos.<\/p>\n\n\n\n<p class=\"has-text-align-center\">A nombre del personal administrativo, el personal docente y el cuerpo directivo de la Instituci\u00f3n, les invito a que aprovechen cada oportunidad que se les presente en esta su casa de estudios, busquen sacar el m\u00e1ximo provecho de los libros de la biblioteca; asistan a cultivar el esp\u00edritu y el cuerpo en cada actividad cultural y deportiva que les ofrece el ITG; no dejen pasar la oportunidad de asistir a las conferencias, concursos, congresos, conversatorios y dem\u00e1s eventos acad\u00e9micos; ya que todo ello les permitir\u00e1 que consigan que su camino profesional sea m\u00e1s significativo.<\/p>\n\n\n\n<p class=\"has-text-align-center\">Respeten el esfuerzo que hacen sus familias para que ustedes tengan acceso a la educaci\u00f3n superior y saquen el m\u00e1ximo provecho de sus clases, piensen en las ense\u00f1anzas y aprendan de cada docente que trabaje con ustedes en las aulas, laboratorios e incluso cuando nos encontremos en los pasillos de la Instituci\u00f3n.<\/p>\n\n\n\n<p class=\"has-text-align-center\">Logren que este momento por vivir en el ITG, sea la experiencia educativa m\u00e1s grande de sus vidas, pues en la medida que ustedes incrementen su acervo cultural y tecnol\u00f3gico, podr\u00e1n colaborar de forma proporcional en la transformaci\u00f3n y mejora de nuestro pa\u00eds.<\/p>\n\n\n\n<p class=\"has-text-align-center\">A partir de este momento son Vikingos del ITG, les invito a que asuman con gallard\u00eda este derecho y esta responsabilidad que en el futuro les permitir\u00e1 \u201cEducar, Iluminar y Crecer\u201d<\/p>\n\n\n\n<p>&nbsp;<\/p>\n\n\n\n<h2 class=\"wp-block-heading has-text-align-center\">Eugenio Borboa Acosta<\/h2>\n\n\n\n<h2 class=\"wp-block-heading has-text-align-center\">Director<\/h2>\n","protected":false},"excerpt":{"rendered":"<div class=\"pvc_clear\"><\/div>\n<p id=\"pvc_stats_13\" class=\"pvc_stats all  \" data-element-id=\"13\" style=\"\"><i class=\"pvc-stats-icon medium\" aria-hidden=\"true\"><svg xmlns=\"http:\/\/www.w3.org\/2000\/svg\" version=\"1.0\" viewBox=\"0 0 502 315\" preserveAspectRatio=\"xMidYMid meet\"><g transform=\"translate(0,332) scale(0.1,-0.1)\" fill=\"\" stroke=\"none\"><path d=\"M2394 3279 l-29 -30 -3 -207 c-2 -182 0 -211 15 -242 39 -76 157 -76 196 0 15 31 17 60 15 243 l-3 209 -33 29 c-26 23 -41 29 -80 29 -41 0 -53 -5 -78 -31z\"\/><path d=\"M3085 3251 c-45 -19 -58 -50 -96 -229 -47 -217 -49 -260 -13 -295 52 -53 146 -42 177 20 16 31 87 366 87 410 0 70 -86 122 -155 94z\"\/><path d=\"M1751 3234 c-13 -9 -29 -31 -37 -50 -12 -29 -10 -49 21 -204 19 -94 39 -189 45 -210 14 -50 54 -80 110 -80 34 0 48 6 76 34 21 21 34 44 34 59 0 14 -18 113 -40 219 -37 178 -43 195 -70 221 -36 32 -101 37 -139 11z\"\/><path d=\"M1163 3073 c-36 -7 -73 -59 -73 -102 0 -56 133 -378 171 -413 34 -32 83 -37 129 -13 70 36 67 87 -16 290 -86 209 -89 214 -129 231 -35 14 -42 15 -82 7z\"\/><path d=\"M3689 3066 c-15 -9 -33 -30 -42 -48 -48 -103 -147 -355 -147 -375 0 -98 131 -148 192 -74 13 15 57 108 97 206 80 196 84 226 37 273 -30 30 -99 39 -137 18z\"\/><path d=\"M583 2784 c-38 -19 -67 -74 -58 -113 9 -42 211 -354 242 -373 16 -10 45 -18 66 -18 51 0 107 52 107 100 0 39 -1 41 -124 234 -80 126 -108 162 -133 173 -41 17 -61 16 -100 -3z\"\/><path d=\"M4250 2784 c-14 -9 -74 -91 -133 -183 -95 -150 -107 -173 -107 -213 0 -55 33 -94 87 -104 67 -13 90 8 211 198 130 202 137 225 78 284 -27 27 -42 34 -72 34 -22 0 -50 -8 -64 -16z\"\/><path d=\"M2275 2693 c-553 -48 -1095 -270 -1585 -649 -135 -104 -459 -423 -483 -476 -23 -49 -22 -139 2 -186 73 -142 361 -457 571 -626 285 -228 642 -407 990 -497 242 -63 336 -73 660 -74 310 0 370 5 595 52 535 111 1045 392 1455 803 122 121 250 273 275 326 19 41 19 137 0 174 -41 79 -309 363 -465 492 -447 370 -946 591 -1479 653 -113 14 -422 18 -536 8z m395 -428 c171 -34 330 -124 456 -258 112 -119 167 -219 211 -378 27 -96 24 -300 -5 -401 -72 -255 -236 -447 -474 -557 -132 -62 -201 -76 -368 -76 -167 0 -236 14 -368 76 -213 98 -373 271 -451 485 -162 444 86 934 547 1084 153 49 292 57 452 25z m909 -232 c222 -123 408 -262 593 -441 76 -74 138 -139 138 -144 0 -16 -233 -242 -330 -319 -155 -123 -309 -223 -461 -299 l-81 -41 32 46 c18 26 49 83 70 128 143 306 141 649 -6 957 -25 52 -61 116 -79 142 l-34 47 45 -20 c26 -10 76 -36 113 -56z m-2057 25 c-40 -58 -105 -190 -130 -263 -110 -324 -59 -707 132 -981 25 -35 42 -64 37 -64 -19 0 -241 119 -326 174 -188 122 -406 314 -532 468 l-58 71 108 103 c185 178 428 349 672 473 66 33 121 60 123 61 2 0 -10 -19 -26 -42z\"\/><path d=\"M2375 1950 c-198 -44 -350 -190 -395 -379 -18 -76 -8 -221 19 -290 114 -284 457 -406 731 -260 98 52 188 154 231 260 27 69 37 214 19 290 -38 163 -166 304 -326 360 -67 23 -215 33 -279 19z\"\/><\/g><\/svg><\/i> <img loading=\"lazy\" decoding=\"async\" width=\"16\" height=\"16\" alt=\"Loading\" src=\"https:\/\/itguaymas.edu.mx\/wp-content\/plugins\/page-views-count\/ajax-loader-2x.gif\" border=0 \/><\/p>\n<div class=\"pvc_clear\"><\/div>\n<p>Estimada comunidad estudiantil del Instituto Tecnol\u00f3gico de Guaymas, reciban la m\u00e1s cordial y afectuosa bienvenida a esta su casa de estudios. El ITG es una instituci\u00f3n con 39 a\u00f1os de [&hellip;]<\/p>\n","protected":false},"author":1,"featured_media":0,"parent":17,"menu_order":1,"comment_status":"closed","ping_status":"closed","template":"","meta":{"_eb_attr":"","footnotes":""},"class_list":["post-13","page","type-page","status-publish","hentry"],"_links":{"self":[{"href":"https:\/\/itguaymas.edu.mx\/index.php?rest_route=\/wp\/v2\/pages\/13","targetHints":{"allow":["GET"]}}],"collection":[{"href":"https:\/\/itguaymas.edu.mx\/index.php?rest_route=\/wp\/v2\/pages"}],"about":[{"href":"https:\/\/itguaymas.edu.mx\/index.php?rest_route=\/wp\/v2\/types\/page"}],"author":[{"embeddable":true,"href":"https:\/\/itguaymas.edu.mx\/index.php?rest_route=\/wp\/v2\/users\/1"}],"replies":[{"embeddable":true,"href":"https:\/\/itguaymas.edu.mx\/index.php?rest_route=%2Fwp%2Fv2%2Fcomments&post=13"}],"version-history":[{"count":3,"href":"https:\/\/itguaymas.edu.mx\/index.php?rest_route=\/wp\/v2\/pages\/13\/revisions"}],"predecessor-version":[{"id":592,"href":"https:\/\/itguaymas.edu.mx\/index.php?rest_route=\/wp\/v2\/pages\/13\/revisions\/592"}],"up":[{"embeddable":true,"href":"https:\/\/itguaymas.edu.mx\/index.php?rest_route=\/wp\/v2\/pages\/17"}],"wp:attachment":[{"href":"https:\/\/itguaymas.edu.mx\/index.php?rest_route=%2Fwp%2Fv2%2Fmedia&parent=13"}],"curies":[{"name":"wp","href":"https:\/\/api.w.org\/{rel}","templated":true}]}}