{"id":75,"date":"2023-10-20T05:06:02","date_gmt":"2023-10-20T05:06:02","guid":{"rendered":"https:\/\/itguaymas.edu.mx\/wp\/?page_id=75"},"modified":"2024-04-25T17:26:08","modified_gmt":"2024-04-25T17:26:08","slug":"actividades-complementarias","status":"publish","type":"page","link":"https:\/\/itguaymas.edu.mx\/?page_id=75","title":{"rendered":"Actividades complementarias"},"content":{"rendered":"<div class=\"pvc_clear\"><\/div><p id=\"pvc_stats_75\" class=\"pvc_stats all  \" data-element-id=\"75\" style=\"\"><i class=\"pvc-stats-icon medium\" aria-hidden=\"true\"><svg xmlns=\"http:\/\/www.w3.org\/2000\/svg\" version=\"1.0\" viewBox=\"0 0 502 315\" preserveAspectRatio=\"xMidYMid meet\"><g transform=\"translate(0,332) scale(0.1,-0.1)\" fill=\"\" stroke=\"none\"><path d=\"M2394 3279 l-29 -30 -3 -207 c-2 -182 0 -211 15 -242 39 -76 157 -76 196 0 15 31 17 60 15 243 l-3 209 -33 29 c-26 23 -41 29 -80 29 -41 0 -53 -5 -78 -31z\"\/><path d=\"M3085 3251 c-45 -19 -58 -50 -96 -229 -47 -217 -49 -260 -13 -295 52 -53 146 -42 177 20 16 31 87 366 87 410 0 70 -86 122 -155 94z\"\/><path d=\"M1751 3234 c-13 -9 -29 -31 -37 -50 -12 -29 -10 -49 21 -204 19 -94 39 -189 45 -210 14 -50 54 -80 110 -80 34 0 48 6 76 34 21 21 34 44 34 59 0 14 -18 113 -40 219 -37 178 -43 195 -70 221 -36 32 -101 37 -139 11z\"\/><path d=\"M1163 3073 c-36 -7 -73 -59 -73 -102 0 -56 133 -378 171 -413 34 -32 83 -37 129 -13 70 36 67 87 -16 290 -86 209 -89 214 -129 231 -35 14 -42 15 -82 7z\"\/><path d=\"M3689 3066 c-15 -9 -33 -30 -42 -48 -48 -103 -147 -355 -147 -375 0 -98 131 -148 192 -74 13 15 57 108 97 206 80 196 84 226 37 273 -30 30 -99 39 -137 18z\"\/><path d=\"M583 2784 c-38 -19 -67 -74 -58 -113 9 -42 211 -354 242 -373 16 -10 45 -18 66 -18 51 0 107 52 107 100 0 39 -1 41 -124 234 -80 126 -108 162 -133 173 -41 17 -61 16 -100 -3z\"\/><path d=\"M4250 2784 c-14 -9 -74 -91 -133 -183 -95 -150 -107 -173 -107 -213 0 -55 33 -94 87 -104 67 -13 90 8 211 198 130 202 137 225 78 284 -27 27 -42 34 -72 34 -22 0 -50 -8 -64 -16z\"\/><path d=\"M2275 2693 c-553 -48 -1095 -270 -1585 -649 -135 -104 -459 -423 -483 -476 -23 -49 -22 -139 2 -186 73 -142 361 -457 571 -626 285 -228 642 -407 990 -497 242 -63 336 -73 660 -74 310 0 370 5 595 52 535 111 1045 392 1455 803 122 121 250 273 275 326 19 41 19 137 0 174 -41 79 -309 363 -465 492 -447 370 -946 591 -1479 653 -113 14 -422 18 -536 8z m395 -428 c171 -34 330 -124 456 -258 112 -119 167 -219 211 -378 27 -96 24 -300 -5 -401 -72 -255 -236 -447 -474 -557 -132 -62 -201 -76 -368 -76 -167 0 -236 14 -368 76 -213 98 -373 271 -451 485 -162 444 86 934 547 1084 153 49 292 57 452 25z m909 -232 c222 -123 408 -262 593 -441 76 -74 138 -139 138 -144 0 -16 -233 -242 -330 -319 -155 -123 -309 -223 -461 -299 l-81 -41 32 46 c18 26 49 83 70 128 143 306 141 649 -6 957 -25 52 -61 116 -79 142 l-34 47 45 -20 c26 -10 76 -36 113 -56z m-2057 25 c-40 -58 -105 -190 -130 -263 -110 -324 -59 -707 132 -981 25 -35 42 -64 37 -64 -19 0 -241 119 -326 174 -188 122 -406 314 -532 468 l-58 71 108 103 c185 178 428 349 672 473 66 33 121 60 123 61 2 0 -10 -19 -26 -42z\"\/><path d=\"M2375 1950 c-198 -44 -350 -190 -395 -379 -18 -76 -8 -221 19 -290 114 -284 457 -406 731 -260 98 52 188 154 231 260 27 69 37 214 19 290 -38 163 -166 304 -326 360 -67 23 -215 33 -279 19z\"\/><\/g><\/svg><\/i> <img loading=\"lazy\" decoding=\"async\" width=\"16\" height=\"16\" alt=\"Loading\" src=\"https:\/\/itguaymas.edu.mx\/wp-content\/plugins\/page-views-count\/ajax-loader-2x.gif\" border=0 \/><\/p><div class=\"pvc_clear\"><\/div>\n<h2 class=\"wp-block-heading\">\u00bfQu\u00e9 son las actividades complementarias?<\/h2>\n\n\n\n<p>Son todas aquellas actividades que realiza el estudiante en beneficio de su formaci\u00f3n integral con el objetivo de complementar sus competencias profesionales.<\/p>\n\n\n\n<p>Las actividades complementarias pueden ser: tutor\u00edas, actividades extraescolares, proyectos de investigaci\u00f3n, participaci\u00f3n en eventos acad\u00e9micos, productividad laboral, emprendedurismo, fomento a la lectura, construcci\u00f3n de prototipos, elaboraci\u00f3n de manuales y desarrollo tecnol\u00f3gico, conservaci\u00f3n al medio ambiente y participaci\u00f3n en ediciones, o aquellas que defina el comit\u00e9 acad\u00e9mico.<\/p>\n\n\n\n<h3 class=\"wp-block-heading\">Requisitos a cumplir seg\u00fan lineamiento:<\/h3>\n\n\n\n<ul class=\"wp-block-list\">\n<li>Se tiene hasta el 6to. semestre para cursarlas.<\/li>\n\n\n\n<li>1 cr\u00e9dito = 20 horas de trabajo\/actividades<\/li>\n\n\n\n<li>M\u00ednimo reunir 5 cr\u00e9ditos. A partir de los alumnos inscritos desde 2015 se aplica de la siguiente manera:\n<ul class=\"wp-block-list\">\n<li>Deber\u00e1n ser 2 cr\u00e9ditos para actividades extraescolares (deportivas, culturales, c\u00edvicas y de apoyo a la sociedad).<\/li>\n\n\n\n<li>Deber\u00e1n de ser 2 cr\u00e9ditos para actividades acad\u00e9micas (manuales, participaci\u00f3n en congresos, semanas de carrera, realizaci\u00f3n de prototipos, apoyo en investigaciones).<\/li>\n\n\n\n<li>Deber\u00e1 ser solo 1 cr\u00e9dito para tutor\u00edas.<\/li>\n<\/ul>\n<\/li>\n<\/ul>\n\n\n\n<h3 class=\"wp-block-heading\">Actividades complementarias registradas<\/h3>\n\n\n\n<figure class=\"wp-block-table\"><table><thead><tr><th>Nombre de la Actividad<\/th><th>Rubro<\/th><\/tr><\/thead><tbody><tr><td>DEPORTIVO<\/td><td>EXTRASCOLAR<\/td><\/tr><tr><td>CULTURAL<\/td><td>EXTRASCOLAR<\/td><\/tr><tr><td>EDECANES<\/td><td>EXTRASCOLAR<\/td><\/tr><tr><td>C\u00cdVICAS<\/td><td>EXTRASCOLAR<\/td><\/tr><tr><td>BANDA DE GUERRA<\/td><td>EXTRASCOLAR<\/td><\/tr><tr><td>ESCOLTA<\/td><td>EXTRASCOLAR<\/td><\/tr><tr><td>M\u00daSICA<\/td><td>EXTRASCOLAR<\/td><\/tr><tr><td>APOYO A LA COMUNIDAD<\/td><td>EXTRASCOLAR<\/td><\/tr><tr><td>LIMPIEMOS M\u00c9XICO<\/td><td>EXTRASCOLAR<\/td><\/tr><tr><td>TALLER VIRTUAL DE LECTURA<\/td><td>ACAD\u00c9MICO<\/td><\/tr><tr><td>TALLER DE EMPRENDEDURISMO<\/td><td>ACAD\u00c9MICO<\/td><\/tr><tr><td>SISTEMA DE GESTI\u00d3N AMBIENTAL<\/td><td>ACAD\u00c9MICO<\/td><\/tr><tr><td>DESARROLLO DE PROTOTIPOS<\/td><td>ACAD\u00c9MICO<\/td><\/tr><tr><td>TALLER DE AUTOCAD<\/td><td>ACAD\u00c9MICO<\/td><\/tr><tr><td>USO DE BD CONRICYT<\/td><td>ACAD\u00c9MICO<\/td><\/tr><tr><td>DESARROLLO SUSTENTABLE<\/td><td>ACAD\u00c9MICO<\/td><\/tr><tr><td>CONVERSACION DEL MEDIO AMBIENTE ACAD\u00c9MICO<\/td><td>ACAD\u00c9MICO<\/td><\/tr><tr><td>MANTENIMIENTO DE CULTIVO DE PECES<\/td><td>ACAD\u00c9MICO<\/td><\/tr><tr><td>PARTICIPACI\u00d3N EN CONGRESOS<\/td><td>ACAD\u00c9MICO<\/td><\/tr><tr><td>TALLER DE EXCEL<\/td><td>ACAD\u00c9MICO<\/td><\/tr><\/tbody><\/table><\/figure>\n\n\n\n<h2 class=\"wp-block-heading\">Preguntas frecuentes<\/h2>\n\n\n\n<h3 class=\"wp-block-heading\">\u00bfPorqu\u00e9 realizar las actividades complementarias dentro de los seis primeros semestres?<\/h3>\n\n\n\n<p>Una vez que el alumno arriba a su s\u00e9ptimo semestre, ya es candidato a realizar el servicio social y como requisito para presentarlo, debe de haber aprobado como m\u00ednimo el 70% de sus cr\u00e9ditos, dentro de ese 70% van los cr\u00e9ditos de las actividades complementarias.<\/p>\n\n\n\n<h3 class=\"wp-block-heading\">\u00bfDeben ser presentadas en primer semestre?<\/h3>\n\n\n\n<p>En primer semestre es obligatoria elegir una actividad complementaria. No reciben beca extraescolar.<\/p>\n\n\n\n<h3 class=\"wp-block-heading\">\u00bfCu\u00e1ntas actividades puedo llevar por semestre?<\/h3>\n\n\n\n<p>Las que tu horario de tiempo libre te permita. El \u00fanico requisito es que todas las actividades que registren deben de ser de diferente tipo (acad\u00e9mica o extraescolar).<\/p>\n\n\n\n<h3 class=\"wp-block-heading\">\u00bfCu\u00e1l es el procedimiento para solicitarlas?<\/h3>\n\n\n\n<p>Se deber\u00e1n solicitar llenando un formato en Divisi\u00f3n de Estudios Profesionales.<\/p>\n\n\n\n<h3 class=\"wp-block-heading\">\u00bfQu\u00e9 har\u00e1n los coordinadores de las actividades complementarias durante el semestre?<\/h3>\n\n\n\n<p>Al inicio indicar\u00e1n al encargado de Actividades complementarias , la planeaci\u00f3n de actividades a realizar durante el semestre.<\/p>\n\n\n\n<p>Durante el semestre deber\u00e1n llevar un registro de asistencia, actividades realizadas, evidencias fotogr\u00e1ficas, bit\u00e1coras, videos y comunicarse continuamente con el encargado de actividades complementarias para informar sobre el avance de las actividades programadas. Es obligatorio que el coordinador de cada actividad complementaria presente un informe final m\u00ednimo una semana antes de que finalice el periodo de clases.<\/p>\n\n\n\n<p>Al finalizar el semestre de clases, deber\u00e1n haber presentado al encargado de actividades complementarias los resultados con evidencias, as\u00ed como la evaluaci\u00f3n de cada participante. La fecha l\u00edmite para dicho reporte ser\u00e1 establecida en el calendario de actividades publicada en la p\u00e1gina del ITG.<\/p>\n\n\n\n<p>Con la informaci\u00f3n presentada, el encargado de actividades complementarias podr\u00e1 auxiliar en la emisi\u00f3n de las constancias de actividad complementaria para entregarla a tiempo a Servicios Escolares. En caso de que hayan participado representando al plantel en actividades deportivas o c\u00edvicas, tambi\u00e9n estas listas servir\u00e1n a Subdirecci\u00f3n de Planeaci\u00f3n para la emisi\u00f3n de las becas extraescolares.<\/p>\n\n\n\n<h3 class=\"wp-block-heading\">\u00bfQui\u00e9n puede recibir beca por actividad extraescolar?<\/h3>\n\n\n\n<p>Son consideradas actividades extraescolares las actividades deportivas, culturales, c\u00edvicas y edecanes.<\/p>\n\n\n\n<p>La beca es del 50% de descuento en la inscripci\u00f3n, otorg\u00e1ndose al siguiente semestre de participar activamente y con la condici\u00f3n de haber aprobado todas sus materias en el semestre evaluado.<\/p>\n\n\n\n<p>Reciben beca de este tipo solamente:<\/p>\n\n\n\n<ul class=\"wp-block-list\">\n<li>Coordinadores de actividades extraescolares que estuvieron informando lo solicitado, en las fechas establecidas para informe parcial y final, debiendo ser condicionante el que sean alumnos regulares (aprobar todas las materias del semestre evaluado).<\/li>\n\n\n\n<li>Participantes activos en actividades deportivas, banda de guerra, escolta y edecanes, representando al plantel en varios torneos o eventos reportados durante el semestre, debiendo ser condicionante el que sean alumnos regulares (aprobar todas las materias del semestre evaluado).<\/li>\n\n\n\n<li>No reciben beca de este tipo los estudiantes del primer semestre, al ser obligatoria la actividad en dicho semestre.<\/li>\n<\/ul>\n\n\n\n<p>Si tienes m\u00e1s dudas, puedes escribir al correo: ext_guaymas@tecnm.mx<\/p>\n","protected":false},"excerpt":{"rendered":"<div class=\"pvc_clear\"><\/div>\n<p id=\"pvc_stats_75\" class=\"pvc_stats all  \" data-element-id=\"75\" style=\"\"><i class=\"pvc-stats-icon medium\" aria-hidden=\"true\"><svg xmlns=\"http:\/\/www.w3.org\/2000\/svg\" version=\"1.0\" viewBox=\"0 0 502 315\" preserveAspectRatio=\"xMidYMid meet\"><g transform=\"translate(0,332) scale(0.1,-0.1)\" fill=\"\" stroke=\"none\"><path d=\"M2394 3279 l-29 -30 -3 -207 c-2 -182 0 -211 15 -242 39 -76 157 -76 196 0 15 31 17 60 15 243 l-3 209 -33 29 c-26 23 -41 29 -80 29 -41 0 -53 -5 -78 -31z\"\/><path d=\"M3085 3251 c-45 -19 -58 -50 -96 -229 -47 -217 -49 -260 -13 -295 52 -53 146 -42 177 20 16 31 87 366 87 410 0 70 -86 122 -155 94z\"\/><path d=\"M1751 3234 c-13 -9 -29 -31 -37 -50 -12 -29 -10 -49 21 -204 19 -94 39 -189 45 -210 14 -50 54 -80 110 -80 34 0 48 6 76 34 21 21 34 44 34 59 0 14 -18 113 -40 219 -37 178 -43 195 -70 221 -36 32 -101 37 -139 11z\"\/><path d=\"M1163 3073 c-36 -7 -73 -59 -73 -102 0 -56 133 -378 171 -413 34 -32 83 -37 129 -13 70 36 67 87 -16 290 -86 209 -89 214 -129 231 -35 14 -42 15 -82 7z\"\/><path d=\"M3689 3066 c-15 -9 -33 -30 -42 -48 -48 -103 -147 -355 -147 -375 0 -98 131 -148 192 -74 13 15 57 108 97 206 80 196 84 226 37 273 -30 30 -99 39 -137 18z\"\/><path d=\"M583 2784 c-38 -19 -67 -74 -58 -113 9 -42 211 -354 242 -373 16 -10 45 -18 66 -18 51 0 107 52 107 100 0 39 -1 41 -124 234 -80 126 -108 162 -133 173 -41 17 -61 16 -100 -3z\"\/><path d=\"M4250 2784 c-14 -9 -74 -91 -133 -183 -95 -150 -107 -173 -107 -213 0 -55 33 -94 87 -104 67 -13 90 8 211 198 130 202 137 225 78 284 -27 27 -42 34 -72 34 -22 0 -50 -8 -64 -16z\"\/><path d=\"M2275 2693 c-553 -48 -1095 -270 -1585 -649 -135 -104 -459 -423 -483 -476 -23 -49 -22 -139 2 -186 73 -142 361 -457 571 -626 285 -228 642 -407 990 -497 242 -63 336 -73 660 -74 310 0 370 5 595 52 535 111 1045 392 1455 803 122 121 250 273 275 326 19 41 19 137 0 174 -41 79 -309 363 -465 492 -447 370 -946 591 -1479 653 -113 14 -422 18 -536 8z m395 -428 c171 -34 330 -124 456 -258 112 -119 167 -219 211 -378 27 -96 24 -300 -5 -401 -72 -255 -236 -447 -474 -557 -132 -62 -201 -76 -368 -76 -167 0 -236 14 -368 76 -213 98 -373 271 -451 485 -162 444 86 934 547 1084 153 49 292 57 452 25z m909 -232 c222 -123 408 -262 593 -441 76 -74 138 -139 138 -144 0 -16 -233 -242 -330 -319 -155 -123 -309 -223 -461 -299 l-81 -41 32 46 c18 26 49 83 70 128 143 306 141 649 -6 957 -25 52 -61 116 -79 142 l-34 47 45 -20 c26 -10 76 -36 113 -56z m-2057 25 c-40 -58 -105 -190 -130 -263 -110 -324 -59 -707 132 -981 25 -35 42 -64 37 -64 -19 0 -241 119 -326 174 -188 122 -406 314 -532 468 l-58 71 108 103 c185 178 428 349 672 473 66 33 121 60 123 61 2 0 -10 -19 -26 -42z\"\/><path d=\"M2375 1950 c-198 -44 -350 -190 -395 -379 -18 -76 -8 -221 19 -290 114 -284 457 -406 731 -260 98 52 188 154 231 260 27 69 37 214 19 290 -38 163 -166 304 -326 360 -67 23 -215 33 -279 19z\"\/><\/g><\/svg><\/i> <img loading=\"lazy\" decoding=\"async\" width=\"16\" height=\"16\" alt=\"Loading\" src=\"https:\/\/itguaymas.edu.mx\/wp-content\/plugins\/page-views-count\/ajax-loader-2x.gif\" border=0 \/><\/p>\n<div class=\"pvc_clear\"><\/div>\n<p>\u00bfQu\u00e9 son las actividades complementarias? Son todas aquellas actividades que realiza el estudiante en beneficio de su formaci\u00f3n integral con el objetivo de complementar sus competencias profesionales. Las actividades complementarias [&hellip;]<\/p>\n","protected":false},"author":1,"featured_media":0,"parent":52,"menu_order":2,"comment_status":"closed","ping_status":"closed","template":"","meta":{"_eb_attr":"","footnotes":""},"class_list":["post-75","page","type-page","status-publish","hentry"],"_links":{"self":[{"href":"https:\/\/itguaymas.edu.mx\/index.php?rest_route=\/wp\/v2\/pages\/75","targetHints":{"allow":["GET"]}}],"collection":[{"href":"https:\/\/itguaymas.edu.mx\/index.php?rest_route=\/wp\/v2\/pages"}],"about":[{"href":"https:\/\/itguaymas.edu.mx\/index.php?rest_route=\/wp\/v2\/types\/page"}],"author":[{"embeddable":true,"href":"https:\/\/itguaymas.edu.mx\/index.php?rest_route=\/wp\/v2\/users\/1"}],"replies":[{"embeddable":true,"href":"https:\/\/itguaymas.edu.mx\/index.php?rest_route=%2Fwp%2Fv2%2Fcomments&post=75"}],"version-history":[{"count":3,"href":"https:\/\/itguaymas.edu.mx\/index.php?rest_route=\/wp\/v2\/pages\/75\/revisions"}],"predecessor-version":[{"id":389,"href":"https:\/\/itguaymas.edu.mx\/index.php?rest_route=\/wp\/v2\/pages\/75\/revisions\/389"}],"up":[{"embeddable":true,"href":"https:\/\/itguaymas.edu.mx\/index.php?rest_route=\/wp\/v2\/pages\/52"}],"wp:attachment":[{"href":"https:\/\/itguaymas.edu.mx\/index.php?rest_route=%2Fwp%2Fv2%2Fmedia&parent=75"}],"curies":[{"name":"wp","href":"https:\/\/api.w.org\/{rel}","templated":true}]}}